{"id":2,"date":"2017-07-25T16:07:39","date_gmt":"2017-07-25T16:07:39","guid":{"rendered":"http:\/\/www.sinesiogomezcarmona.com\/?page_id=2"},"modified":"2017-08-28T05:35:43","modified_gmt":"2017-08-28T05:35:43","slug":"pagina-ejemplo","status":"publish","type":"page","link":"https:\/\/www.sinesiogomezcarmona.com\/?page_id=2","title":{"rendered":"Participaci\u00f3n Ciudadana"},"content":{"rendered":"<p style=\"text-align: center;\"><span style=\"font-size: 18pt;\"><em><strong><span style=\"font-family: 'arial black', sans-serif;\">PARTICIPACI\u00d3N CIUDADANA<\/span><\/strong><\/em><\/span><\/p>\n<p style=\"text-align: justify;\"><em><span style=\"font-family: arial, helvetica, sans-serif;\">Generalmente, por no decir siempre, las decisiones que van a influir en la vida de los ciudadanos son tomadas a espaldas de las gentes por una minor\u00eda; la mayor\u00eda de la poblaci\u00f3n s\u00f3lo se limita a recibir los golpes sin poder participar o decir \u00abNo estoy de acuerdo\u00bb.<\/span> <\/em><\/p>\n","protected":false},"excerpt":{"rendered":"<p>PARTICIPACI\u00d3N CIUDADANA Generalmente, por no decir siempre, las decisiones que van a influir en la vida de los ciudadanos son tomadas a espaldas de las gentes por una minor\u00eda; la mayor\u00eda de la poblaci\u00f3n s\u00f3lo se limita a recibir los golpes sin poder participar o decir \u00abNo estoy de acuerdo\u00bb.<\/p>\n","protected":false},"author":1,"featured_media":139,"parent":0,"menu_order":0,"comment_status":"open","ping_status":"open","template":"","meta":{"footnotes":""},"yoast_head":"<!-- This site is optimized with the Yoast SEO plugin v24.5 - https:\/\/yoast.com\/wordpress\/plugins\/seo\/ -->\n<title>Participaci\u00f3n Ciudadana - Sinesio G\u00f3mez Carmona<\/title>\n<meta name=\"robots\" content=\"index, follow, max-snippet:-1, max-image-preview:large, max-video-preview:-1\" \/>\n<link rel=\"canonical\" href=\"https:\/\/www.sinesiogomezcarmona.com\/?page_id=2\" \/>\n<meta property=\"og:locale\" content=\"es_ES\" \/>\n<meta property=\"og:type\" content=\"article\" \/>\n<meta property=\"og:title\" content=\"Participaci\u00f3n Ciudadana - Sinesio G\u00f3mez Carmona\" \/>\n<meta property=\"og:description\" content=\"PARTICIPACI\u00d3N CIUDADANA Generalmente, por no decir siempre, las decisiones que van a influir en la vida de los ciudadanos son tomadas a espaldas de las gentes por una minor\u00eda; la mayor\u00eda de la poblaci\u00f3n s\u00f3lo se limita a recibir los golpes sin poder participar o decir \u00abNo estoy de acuerdo\u00bb.\" \/>\n<meta property=\"og:url\" content=\"https:\/\/www.sinesiogomezcarmona.com\/?page_id=2\" \/>\n<meta property=\"og:site_name\" content=\"Sinesio G\u00f3mez Carmona\" \/>\n<meta property=\"article:modified_time\" content=\"2017-08-28T05:35:43+00:00\" \/>\n<meta property=\"og:image\" content=\"https:\/\/www.sinesiogomezcarmona.com\/wp-content\/uploads\/manos.jpg\" \/>\n\t<meta property=\"og:image:width\" content=\"469\" \/>\n\t<meta property=\"og:image:height\" content=\"317\" \/>\n\t<meta property=\"og:image:type\" content=\"image\/jpeg\" \/>\n<meta name=\"twitter:card\" content=\"summary_large_image\" \/>\n<script type=\"application\/ld+json\" class=\"yoast-schema-graph\">{\"@context\":\"https:\/\/schema.org\",\"@graph\":[{\"@type\":\"WebPage\",\"@id\":\"https:\/\/www.sinesiogomezcarmona.com\/?page_id=2\",\"url\":\"https:\/\/www.sinesiogomezcarmona.com\/?page_id=2\",\"name\":\"Participaci\u00f3n Ciudadana - Sinesio G\u00f3mez Carmona\",\"isPartOf\":{\"@id\":\"https:\/\/www.sinesiogomezcarmona.com\/#website\"},\"primaryImageOfPage\":{\"@id\":\"https:\/\/www.sinesiogomezcarmona.com\/?page_id=2#primaryimage\"},\"image\":{\"@id\":\"https:\/\/www.sinesiogomezcarmona.com\/?page_id=2#primaryimage\"},\"thumbnailUrl\":\"https:\/\/www.sinesiogomezcarmona.com\/wp-content\/uploads\/manos.jpg\",\"datePublished\":\"2017-07-25T16:07:39+00:00\",\"dateModified\":\"2017-08-28T05:35:43+00:00\",\"breadcrumb\":{\"@id\":\"https:\/\/www.sinesiogomezcarmona.com\/?page_id=2#breadcrumb\"},\"inLanguage\":\"es\",\"potentialAction\":[{\"@type\":\"ReadAction\",\"target\":[\"https:\/\/www.sinesiogomezcarmona.com\/?page_id=2\"]}]},{\"@type\":\"ImageObject\",\"inLanguage\":\"es\",\"@id\":\"https:\/\/www.sinesiogomezcarmona.com\/?page_id=2#primaryimage\",\"url\":\"https:\/\/www.sinesiogomezcarmona.com\/wp-content\/uploads\/manos.jpg\",\"contentUrl\":\"https:\/\/www.sinesiogomezcarmona.com\/wp-content\/uploads\/manos.jpg\",\"width\":469,\"height\":317},{\"@type\":\"BreadcrumbList\",\"@id\":\"https:\/\/www.sinesiogomezcarmona.com\/?page_id=2#breadcrumb\",\"itemListElement\":[{\"@type\":\"ListItem\",\"position\":1,\"name\":\"Portada\",\"item\":\"https:\/\/www.sinesiogomezcarmona.com\/\"},{\"@type\":\"ListItem\",\"position\":2,\"name\":\"Participaci\u00f3n Ciudadana\"}]},{\"@type\":\"WebSite\",\"@id\":\"https:\/\/www.sinesiogomezcarmona.com\/#website\",\"url\":\"https:\/\/www.sinesiogomezcarmona.com\/\",\"name\":\"Sinesio G\u00f3mez Carmona\",\"description\":\"Sinesio G\u00f3mez Carmona\",\"publisher\":{\"@id\":\"https:\/\/www.sinesiogomezcarmona.com\/#organization\"},\"potentialAction\":[{\"@type\":\"SearchAction\",\"target\":{\"@type\":\"EntryPoint\",\"urlTemplate\":\"https:\/\/www.sinesiogomezcarmona.com\/?s={search_term_string}\"},\"query-input\":{\"@type\":\"PropertyValueSpecification\",\"valueRequired\":true,\"valueName\":\"search_term_string\"}}],\"inLanguage\":\"es\"},{\"@type\":\"Organization\",\"@id\":\"https:\/\/www.sinesiogomezcarmona.com\/#organization\",\"name\":\"Sinesio G\u00f3mez Carmona\",\"url\":\"https:\/\/www.sinesiogomezcarmona.com\/\",\"logo\":{\"@type\":\"ImageObject\",\"inLanguage\":\"es\",\"@id\":\"https:\/\/www.sinesiogomezcarmona.com\/#\/schema\/logo\/image\/\",\"url\":\"https:\/\/www.sinesiogomezcarmona.com\/wp-content\/uploads\/logosinesioletras.png\",\"contentUrl\":\"https:\/\/www.sinesiogomezcarmona.com\/wp-content\/uploads\/logosinesioletras.png\",\"width\":306,\"height\":128,\"caption\":\"Sinesio G\u00f3mez Carmona\"},\"image\":{\"@id\":\"https:\/\/www.sinesiogomezcarmona.com\/#\/schema\/logo\/image\/\"}}]}<\/script>\n<!-- \/ Yoast SEO plugin. -->","yoast_head_json":{"title":"Participaci\u00f3n Ciudadana - Sinesio G\u00f3mez Carmona","robots":{"index":"index","follow":"follow","max-snippet":"max-snippet:-1","max-image-preview":"max-image-preview:large","max-video-preview":"max-video-preview:-1"},"canonical":"https:\/\/www.sinesiogomezcarmona.com\/?page_id=2","og_locale":"es_ES","og_type":"article","og_title":"Participaci\u00f3n Ciudadana - Sinesio G\u00f3mez Carmona","og_description":"PARTICIPACI\u00d3N CIUDADANA Generalmente, por no decir siempre, las decisiones que van a influir en la vida de los ciudadanos son tomadas a espaldas de las gentes por una minor\u00eda; la mayor\u00eda de la poblaci\u00f3n s\u00f3lo se limita a recibir los golpes sin poder participar o decir \u00abNo estoy de acuerdo\u00bb.","og_url":"https:\/\/www.sinesiogomezcarmona.com\/?page_id=2","og_site_name":"Sinesio G\u00f3mez Carmona","article_modified_time":"2017-08-28T05:35:43+00:00","og_image":[{"width":469,"height":317,"url":"https:\/\/www.sinesiogomezcarmona.com\/wp-content\/uploads\/manos.jpg","type":"image\/jpeg"}],"twitter_card":"summary_large_image","schema":{"@context":"https:\/\/schema.org","@graph":[{"@type":"WebPage","@id":"https:\/\/www.sinesiogomezcarmona.com\/?page_id=2","url":"https:\/\/www.sinesiogomezcarmona.com\/?page_id=2","name":"Participaci\u00f3n Ciudadana - Sinesio G\u00f3mez Carmona","isPartOf":{"@id":"https:\/\/www.sinesiogomezcarmona.com\/#website"},"primaryImageOfPage":{"@id":"https:\/\/www.sinesiogomezcarmona.com\/?page_id=2#primaryimage"},"image":{"@id":"https:\/\/www.sinesiogomezcarmona.com\/?page_id=2#primaryimage"},"thumbnailUrl":"https:\/\/www.sinesiogomezcarmona.com\/wp-content\/uploads\/manos.jpg","datePublished":"2017-07-25T16:07:39+00:00","dateModified":"2017-08-28T05:35:43+00:00","breadcrumb":{"@id":"https:\/\/www.sinesiogomezcarmona.com\/?page_id=2#breadcrumb"},"inLanguage":"es","potentialAction":[{"@type":"ReadAction","target":["https:\/\/www.sinesiogomezcarmona.com\/?page_id=2"]}]},{"@type":"ImageObject","inLanguage":"es","@id":"https:\/\/www.sinesiogomezcarmona.com\/?page_id=2#primaryimage","url":"https:\/\/www.sinesiogomezcarmona.com\/wp-content\/uploads\/manos.jpg","contentUrl":"https:\/\/www.sinesiogomezcarmona.com\/wp-content\/uploads\/manos.jpg","width":469,"height":317},{"@type":"BreadcrumbList","@id":"https:\/\/www.sinesiogomezcarmona.com\/?page_id=2#breadcrumb","itemListElement":[{"@type":"ListItem","position":1,"name":"Portada","item":"https:\/\/www.sinesiogomezcarmona.com\/"},{"@type":"ListItem","position":2,"name":"Participaci\u00f3n Ciudadana"}]},{"@type":"WebSite","@id":"https:\/\/www.sinesiogomezcarmona.com\/#website","url":"https:\/\/www.sinesiogomezcarmona.com\/","name":"Sinesio G\u00f3mez Carmona","description":"Sinesio G\u00f3mez Carmona","publisher":{"@id":"https:\/\/www.sinesiogomezcarmona.com\/#organization"},"potentialAction":[{"@type":"SearchAction","target":{"@type":"EntryPoint","urlTemplate":"https:\/\/www.sinesiogomezcarmona.com\/?s={search_term_string}"},"query-input":{"@type":"PropertyValueSpecification","valueRequired":true,"valueName":"search_term_string"}}],"inLanguage":"es"},{"@type":"Organization","@id":"https:\/\/www.sinesiogomezcarmona.com\/#organization","name":"Sinesio G\u00f3mez Carmona","url":"https:\/\/www.sinesiogomezcarmona.com\/","logo":{"@type":"ImageObject","inLanguage":"es","@id":"https:\/\/www.sinesiogomezcarmona.com\/#\/schema\/logo\/image\/","url":"https:\/\/www.sinesiogomezcarmona.com\/wp-content\/uploads\/logosinesioletras.png","contentUrl":"https:\/\/www.sinesiogomezcarmona.com\/wp-content\/uploads\/logosinesioletras.png","width":306,"height":128,"caption":"Sinesio G\u00f3mez Carmona"},"image":{"@id":"https:\/\/www.sinesiogomezcarmona.com\/#\/schema\/logo\/image\/"}}]}},"_links":{"self":[{"href":"https:\/\/www.sinesiogomezcarmona.com\/index.php?rest_route=\/wp\/v2\/pages\/2"}],"collection":[{"href":"https:\/\/www.sinesiogomezcarmona.com\/index.php?rest_route=\/wp\/v2\/pages"}],"about":[{"href":"https:\/\/www.sinesiogomezcarmona.com\/index.php?rest_route=\/wp\/v2\/types\/page"}],"author":[{"embeddable":true,"href":"https:\/\/www.sinesiogomezcarmona.com\/index.php?rest_route=\/wp\/v2\/users\/1"}],"replies":[{"embeddable":true,"href":"https:\/\/www.sinesiogomezcarmona.com\/index.php?rest_route=%2Fwp%2Fv2%2Fcomments&post=2"}],"version-history":[{"count":6,"href":"https:\/\/www.sinesiogomezcarmona.com\/index.php?rest_route=\/wp\/v2\/pages\/2\/revisions"}],"predecessor-version":[{"id":138,"href":"https:\/\/www.sinesiogomezcarmona.com\/index.php?rest_route=\/wp\/v2\/pages\/2\/revisions\/138"}],"wp:featuredmedia":[{"embeddable":true,"href":"https:\/\/www.sinesiogomezcarmona.com\/index.php?rest_route=\/wp\/v2\/media\/139"}],"wp:attachment":[{"href":"https:\/\/www.sinesiogomezcarmona.com\/index.php?rest_route=%2Fwp%2Fv2%2Fmedia&parent=2"}],"curies":[{"name":"wp","href":"https:\/\/api.w.org\/{rel}","templated":true}]}}